{"id":419,"date":"2019-04-29T18:05:17","date_gmt":"2019-04-29T18:05:17","guid":{"rendered":"https:\/\/padrejuan.org\/?page_id=419"},"modified":"2021-12-20T19:24:29","modified_gmt":"2021-12-20T18:24:29","slug":"contacto","status":"publish","type":"page","link":"https:\/\/padrejuan.org\/index.php\/contacto\/","title":{"rendered":"Contacto"},"content":{"rendered":"<p>[et_pb_section fb_built=\u00bb1&#8243; _builder_version=\u00bb3.22&#8243; background_image=\u00bbhttps:\/\/padrejuan.org\/wp-content\/uploads\/2019\/04\/FONDO-LIBRO.jpg\u00bb da_disable_devices=\u00bboff|off|off\u00bb fb_built=\u00bb1&#8243; _i=\u00bb0&#8243; _address=\u00bb0&#8243; da_is_popup=\u00bboff\u00bb da_exit_intent=\u00bboff\u00bb da_has_close=\u00bbon\u00bb da_alt_close=\u00bboff\u00bb da_dark_close=\u00bboff\u00bb da_not_modal=\u00bbon\u00bb da_is_singular=\u00bboff\u00bb da_with_loader=\u00bboff\u00bb da_has_shadow=\u00bbon\u00bb][et_pb_row column_structure=\u00bb1_2,1_2&#8243; _builder_version=\u00bb3.25&#8243; _i=\u00bb0&#8243; _address=\u00bb0.0&#8243;][et_pb_column type=\u00bb1_2&#8243; _builder_version=\u00bb3.25&#8243; custom_padding=\u00bb|||\u00bb _i=\u00bb0&#8243; _address=\u00bb0.0.0&#8243; custom_padding__hover=\u00bb|||\u00bb][et_pb_blurb title=\u00bbSede Industria\u00bb image=\u00bbhttps:\/\/padrejuan.org\/wp-content\/uploads\/2019\/04\/20171130_122610.jpg\u00bb _builder_version=\u00bb3.27.4&#8243; header_font=\u00bb||||||||\u00bb header_font_size=\u00bb35px\u00bb body_font=\u00bb||||||||\u00bb body_font_size=\u00bb17px\u00bb _i=\u00bb0&#8243; _address=\u00bb0.0.0.0&#8243;]<\/p>\n<p>Calle Industria n\u00ba 8 &#8211; Valencia &#8211; Espa\u00f1a<br \/> Tel. +34 960 15 12 67 &#8211; +34 683 11 64 18<br \/> Correo electr\u00f3nico: bibliotecasolidariaindustria@gmail.com<br \/> HORARIO DE ATENCI\u00d3N<br \/> Lunes, Mi\u00e9rcoles y Viernes: de 10:30 horas a 13:30 horas<\/p>\n<p>[\/et_pb_blurb][\/et_pb_column][et_pb_column type=\u00bb1_2&#8243; _builder_version=\u00bb3.25&#8243; custom_padding=\u00bb|||\u00bb _i=\u00bb1&#8243; _address=\u00bb0.0.1&#8243; custom_padding__hover=\u00bb|||\u00bb][et_pb_blurb title=\u00bbAlmac\u00e9n de Alaqu\u00e1s\u00bb image=\u00bbhttps:\/\/padrejuan.org\/wp-content\/uploads\/2019\/04\/20181012_120724.jpg\u00bb _builder_version=\u00bb3.27.4&#8243; header_font=\u00bb||||||||\u00bb header_font_size=\u00bb35px\u00bb body_font=\u00bb||||||||\u00bb body_font_size=\u00bb17px\u00bb hover_enabled=\u00bb0&#8243; _i=\u00bb0&#8243; _address=\u00bb0.0.1.0&#8243;]<\/p>\n<p>Calle San Martin 26 &#8211; Pol. Ind. Bovalar, 46970 Alaqu\u00e1s Valencia-Espa\u00f1a<br \/> Tel. +34 961 578 144<br \/> Correo electr\u00f3nico: bibliotecasolidariaalacuas@gmail.com<br \/> HORARIO DE ATENCI\u00d3N<br \/> Lunes, Mi\u00e9rcoles y Viernes: de 09:00 horas a 13:00 horas<\/p>\n<p>[\/et_pb_blurb][\/et_pb_column][\/et_pb_row][et_pb_row column_structure=\u00bb1_2,1_2&#8243; _builder_version=\u00bb3.25&#8243; _i=\u00bb1&#8243; _address=\u00bb0.1&#8243;][et_pb_column type=\u00bb1_2&#8243; _builder_version=\u00bb3.25&#8243; custom_padding=\u00bb|||\u00bb _i=\u00bb0&#8243; _address=\u00bb0.1.0&#8243; custom_padding__hover=\u00bb|||\u00bb][et_pb_text _builder_version=\u00bb3.27.4&#8243; border_width_all=\u00bb1px\u00bb border_color_all=\u00bb#0c71c3&#8243; _i=\u00bb0&#8243; _address=\u00bb0.1.0.0&#8243;]<\/p>\n<p style=\"text-align: center;\"><iframe loading=\"lazy\" width=\"510\" height=\"300\" src=\"https:\/\/www.google.com\/maps\/embed?pb=!1m18!1m12!1m3!1d3080.2472880765504!2d-0.3459520851209329!3d39.46374182096744!2m3!1f0!2f0!3f0!3m2!1i1024!2i768!4f13.1!3m3!1m2!1s0xd6048f3183662ef%3A0x7b5b2355141b0050!2sCalle+de+la+Industria%2C+6%2C+46022+Valencia!5e0!3m2!1ses!2ses!4v1558712015361!5m2!1ses!2ses\" frameborder=\"0\" allowfullscreen=\"\" style=\"border: 0;\"><\/iframe><\/p>\n<p>[\/et_pb_text][\/et_pb_column][et_pb_column type=\u00bb1_2&#8243; _builder_version=\u00bb3.25&#8243; custom_padding=\u00bb|||\u00bb _i=\u00bb1&#8243; _address=\u00bb0.1.1&#8243; custom_padding__hover=\u00bb|||\u00bb][et_pb_text _builder_version=\u00bb3.27.4&#8243; border_width_all=\u00bb1px\u00bb border_color_all=\u00bb#0c71c3&#8243; _i=\u00bb0&#8243; _address=\u00bb0.1.1.0&#8243;]<\/p>\n<p style=\"text-align: center;\"><iframe loading=\"lazy\" width=\"510\" height=\"300\" src=\"https:\/\/www.google.com\/maps\/embed?pb=!1m18!1m12!1m3!1d3080.7072228798356!2d-0.46957728512127!3d39.453348921587256!2m3!1f0!2f0!3f0!3m2!1i1024!2i768!4f13.1!3m3!1m2!1s0xd60503797710f41%3A0x8ab86c8d37736734!2sCalle+de+San+Mart%C3%ADn%2C+26%2C+46970+Alacu%C3%A1s%2C+Valencia!5e0!3m2!1ses!2ses!4v1558712225834!5m2!1ses!2ses\" frameborder=\"0\" allowfullscreen=\"\" style=\"border: 0;\"><\/iframe><\/p>\n<p>[\/et_pb_text][\/et_pb_column][\/et_pb_row][et_pb_row _builder_version=\u00bb3.25&#8243; _i=\u00bb2&#8243; _address=\u00bb0.2&#8243;][et_pb_column type=\u00bb4_4&#8243; _builder_version=\u00bb3.25&#8243; custom_padding=\u00bb|||\u00bb _i=\u00bb0&#8243; _address=\u00bb0.2.0&#8243; custom_padding__hover=\u00bb|||\u00bb][et_pb_contact_form captcha=\u00bboff\u00bb email=\u00bbinfo@padrejuan.org\u00bb title=\u00bbFORMULARIO DE CONTACTO\u00bb custom_message=\u00bbEste es un correo recibido desde el formulario de contacto de la p\u00e1gina Web:||et_pb_line_break_holder||||et_pb_line_break_holder||Nombre: %%Nombre%%||et_pb_line_break_holder||Correo electr\u00f3nico: %%Email%%||et_pb_line_break_holder||Mensaje: %%Mensaje%%\u00bb success_message=\u00bbMensaje enviado con \u00e9xito, muchas gracias\u00bb _builder_version=\u00bb3.19.14&#8243; border_radii=\u00bbon|1px|1px|1px|1px\u00bb border_width_all=\u00bb1px\u00bb custom_margin=\u00bb|||0px\u00bb _i=\u00bb0&#8243; _address=\u00bb0.2.0.0&#8243;][et_pb_contact_field field_id=\u00bbNombre\u00bb field_title=\u00bbNombre\u00bb _builder_version=\u00bb3.19.14&#8243; border_radii=\u00bbon||||\u00bb button_text_size__hover_enabled=\u00bboff\u00bb button_one_text_size__hover_enabled=\u00bboff\u00bb button_two_text_size__hover_enabled=\u00bboff\u00bb button_text_color__hover_enabled=\u00bboff\u00bb button_one_text_color__hover_enabled=\u00bboff\u00bb button_two_text_color__hover_enabled=\u00bboff\u00bb button_border_width__hover_enabled=\u00bboff\u00bb button_one_border_width__hover_enabled=\u00bboff\u00bb button_two_border_width__hover_enabled=\u00bboff\u00bb button_border_color__hover_enabled=\u00bboff\u00bb button_one_border_color__hover_enabled=\u00bboff\u00bb button_two_border_color__hover_enabled=\u00bboff\u00bb button_border_radius__hover_enabled=\u00bboff\u00bb button_one_border_radius__hover_enabled=\u00bboff\u00bb button_two_border_radius__hover_enabled=\u00bboff\u00bb button_letter_spacing__hover_enabled=\u00bboff\u00bb button_one_letter_spacing__hover_enabled=\u00bboff\u00bb button_two_letter_spacing__hover_enabled=\u00bboff\u00bb button_bg_color__hover_enabled=\u00bboff\u00bb button_one_bg_color__hover_enabled=\u00bboff\u00bb button_two_bg_color__hover_enabled=\u00bboff\u00bb _i=\u00bb0&#8243; _address=\u00bb0.2.0.0.0&#8243;][\/et_pb_contact_field][et_pb_contact_field field_id=\u00bbEmail\u00bb field_title=\u00bbDirecci\u00f3n de correo electr\u00f3nico\u00bb field_type=\u00bbemail\u00bb _builder_version=\u00bb3.19.14&#8243; border_radii=\u00bbon||||\u00bb button_text_size__hover_enabled=\u00bboff\u00bb button_one_text_size__hover_enabled=\u00bboff\u00bb button_two_text_size__hover_enabled=\u00bboff\u00bb button_text_color__hover_enabled=\u00bboff\u00bb button_one_text_color__hover_enabled=\u00bboff\u00bb button_two_text_color__hover_enabled=\u00bboff\u00bb button_border_width__hover_enabled=\u00bboff\u00bb button_one_border_width__hover_enabled=\u00bboff\u00bb button_two_border_width__hover_enabled=\u00bboff\u00bb button_border_color__hover_enabled=\u00bboff\u00bb button_one_border_color__hover_enabled=\u00bboff\u00bb button_two_border_color__hover_enabled=\u00bboff\u00bb button_border_radius__hover_enabled=\u00bboff\u00bb button_one_border_radius__hover_enabled=\u00bboff\u00bb button_two_border_radius__hover_enabled=\u00bboff\u00bb button_letter_spacing__hover_enabled=\u00bboff\u00bb button_one_letter_spacing__hover_enabled=\u00bboff\u00bb button_two_letter_spacing__hover_enabled=\u00bboff\u00bb button_bg_color__hover_enabled=\u00bboff\u00bb button_one_bg_color__hover_enabled=\u00bboff\u00bb button_two_bg_color__hover_enabled=\u00bboff\u00bb _i=\u00bb1&#8243; _address=\u00bb0.2.0.0.1&#8243;][\/et_pb_contact_field][et_pb_contact_field field_id=\u00bbMensaje\u00bb field_title=\u00bbMensaje\u00bb field_type=\u00bbtext\u00bb fullwidth_field=\u00bbon\u00bb _builder_version=\u00bb3.19.14&#8243; border_radii=\u00bbon||||\u00bb button_text_size__hover_enabled=\u00bboff\u00bb button_one_text_size__hover_enabled=\u00bboff\u00bb button_two_text_size__hover_enabled=\u00bboff\u00bb button_text_color__hover_enabled=\u00bboff\u00bb button_one_text_color__hover_enabled=\u00bboff\u00bb button_two_text_color__hover_enabled=\u00bboff\u00bb button_border_width__hover_enabled=\u00bboff\u00bb button_one_border_width__hover_enabled=\u00bboff\u00bb button_two_border_width__hover_enabled=\u00bboff\u00bb button_border_color__hover_enabled=\u00bboff\u00bb button_one_border_color__hover_enabled=\u00bboff\u00bb button_two_border_color__hover_enabled=\u00bboff\u00bb button_border_radius__hover_enabled=\u00bboff\u00bb button_one_border_radius__hover_enabled=\u00bboff\u00bb button_two_border_radius__hover_enabled=\u00bboff\u00bb button_letter_spacing__hover_enabled=\u00bboff\u00bb button_one_letter_spacing__hover_enabled=\u00bboff\u00bb button_two_letter_spacing__hover_enabled=\u00bboff\u00bb button_bg_color__hover_enabled=\u00bboff\u00bb button_one_bg_color__hover_enabled=\u00bboff\u00bb button_two_bg_color__hover_enabled=\u00bboff\u00bb _i=\u00bb2&#8243; _address=\u00bb0.2.0.0.2&#8243;][\/et_pb_contact_field][\/et_pb_contact_form][\/et_pb_column][\/et_pb_row][\/et_pb_section]<\/p>\n","protected":false},"excerpt":{"rendered":"<p>Calle Industria n\u00ba 8 &#8211; Valencia &#8211; Espa\u00f1a Tel. +34 960 15 12 67 &#8211; +34 683 11 64 18 Correo electr\u00f3nico: bibliotecasolidariaindustria@gmail.com HORARIO DE ATENCI\u00d3N Lunes, Mi\u00e9rcoles y Viernes: de 10:30 horas a 13:30 horasCalle San Martin 26 &#8211; Pol. Ind. Bovalar, 46970 Alaqu\u00e1s Valencia-Espa\u00f1a Tel. +34 961 578 144 Correo electr\u00f3nico: bibliotecasolidariaalacuas@gmail.com HORARIO [&hellip;]<\/p>\n","protected":false},"author":1,"featured_media":0,"parent":0,"menu_order":0,"comment_status":"closed","ping_status":"closed","template":"","meta":{"_et_pb_use_builder":"on","_et_pb_old_content":"<!-- wp:divi\/placeholder \/-->","_et_gb_content_width":"","footnotes":""},"_links":{"self":[{"href":"https:\/\/padrejuan.org\/index.php\/wp-json\/wp\/v2\/pages\/419"}],"collection":[{"href":"https:\/\/padrejuan.org\/index.php\/wp-json\/wp\/v2\/pages"}],"about":[{"href":"https:\/\/padrejuan.org\/index.php\/wp-json\/wp\/v2\/types\/page"}],"author":[{"embeddable":true,"href":"https:\/\/padrejuan.org\/index.php\/wp-json\/wp\/v2\/users\/1"}],"replies":[{"embeddable":true,"href":"https:\/\/padrejuan.org\/index.php\/wp-json\/wp\/v2\/comments?post=419"}],"version-history":[{"count":19,"href":"https:\/\/padrejuan.org\/index.php\/wp-json\/wp\/v2\/pages\/419\/revisions"}],"predecessor-version":[{"id":2963,"href":"https:\/\/padrejuan.org\/index.php\/wp-json\/wp\/v2\/pages\/419\/revisions\/2963"}],"wp:attachment":[{"href":"https:\/\/padrejuan.org\/index.php\/wp-json\/wp\/v2\/media?parent=419"}],"curies":[{"name":"wp","href":"https:\/\/api.w.org\/{rel}","templated":true}]}}