{"id":318,"date":"2019-04-26T16:54:31","date_gmt":"2019-04-26T16:54:31","guid":{"rendered":"https:\/\/padrejuan.org\/?page_id=318"},"modified":"2026-03-17T12:32:09","modified_gmt":"2026-03-17T11:32:09","slug":"acciones-en-marcha","status":"publish","type":"page","link":"https:\/\/padrejuan.org\/index.php\/acciones-en-marcha\/","title":{"rendered":"Acciones en marcha"},"content":{"rendered":"<p>[et_pb_section fb_built=\u00bb1&#8243; _builder_version=\u00bb3.22&#8243; background_image=\u00bbhttps:\/\/padrejuan.org\/wp-content\/uploads\/2019\/02\/church-01.jpg\u00bb da_disable_devices=\u00bboff|off|off\u00bb global_colors_info=\u00bb{}\u00bb da_is_popup=\u00bboff\u00bb da_exit_intent=\u00bboff\u00bb da_has_close=\u00bbon\u00bb da_alt_close=\u00bboff\u00bb da_dark_close=\u00bboff\u00bb da_not_modal=\u00bbon\u00bb da_is_singular=\u00bboff\u00bb da_with_loader=\u00bboff\u00bb da_has_shadow=\u00bbon\u00bb][et_pb_row _builder_version=\u00bb3.25&#8243; global_colors_info=\u00bb{}\u00bb][et_pb_column type=\u00bb4_4&#8243; _builder_version=\u00bb3.25&#8243; custom_padding=\u00bb|||\u00bb global_colors_info=\u00bb{}\u00bb custom_padding__hover=\u00bb|||\u00bb][et_pb_text _builder_version=\u00bb3.27.4&#8243; text_font=\u00bb|700|||||||\u00bb text_text_color=\u00bb#000000&#8243; text_font_size=\u00bb37px\u00bb text_letter_spacing=\u00bb9px\u00bb text_line_height=\u00bb1.6em\u00bb header_font=\u00bb||||||||\u00bb animation_style=\u00bbzoom\u00bb global_colors_info=\u00bb{}\u00bb]<\/p>\n<p style=\"text-align: center;\">ACCIONES EN MARCHA<\/p>\n<p>[\/et_pb_text][et_pb_image src=\u00bbhttps:\/\/padrejuan.org\/wp-content\/uploads\/2019\/02\/books-funko-pop.png\u00bb align=\u00bbcenter\u00bb align_tablet=\u00bbcenter\u00bb align_phone=\u00bb\u00bb align_last_edited=\u00bbon|desktop\u00bb _builder_version=\u00bb3.23&#8243; global_colors_info=\u00bb{}\u00bb][\/et_pb_image][et_pb_text _builder_version=\u00bb4.14.8&#8243; text_font=\u00bb||||||||\u00bb text_font_size=\u00bb25px\u00bb text_letter_spacing=\u00bb5px\u00bb text_line_height=\u00bb1.6em\u00bb custom_padding=\u00bb3px|||||\u00bb global_colors_info=\u00bb{}\u00bb]<\/p>\n<h2 style=\"text-align: center;\">DESDE EL A\u00d1O 2001 Y HASTA EL A\u00d1O 2026<\/h2>\n<h3 style=\"text-align: center;\"><\/h3>\n<p style=\"text-align: center;\">En el momento actual hemos mandado libros y material escolar por un total de 438.229 kg. que supone una cantidad s\u00f3lo de libros de 1.325.578 unidades.<\/p>\n<p>&nbsp;<\/p>\n<p>[\/et_pb_text][et_pb_image src=\u00bbhttps:\/\/padrejuan.org\/wp-content\/uploads\/2025\/01\/Grafico1.png\u00bb title_text=\u00bbGrafico1&#8243; align=\u00bbcenter\u00bb _builder_version=\u00bb4.14.8&#8243; custom_margin=\u00bb0px||||false|false\u00bb global_colors_info=\u00bb{}\u00bb][\/et_pb_image][et_pb_image src=\u00bbhttps:\/\/padrejuan.org\/wp-content\/uploads\/2025\/01\/grafico2.png\u00bb title_text=\u00bbgrafico2&#8243; align=\u00bbcenter\u00bb _builder_version=\u00bb4.14.8&#8243; custom_margin=\u00bb0px||||false|false\u00bb global_colors_info=\u00bb{}\u00bb][\/et_pb_image][et_pb_text _builder_version=\u00bb3.27.4&#8243; global_colors_info=\u00bb{}\u00bb]<\/p>\n<p style=\"text-align: center;\"><iframe loading=\"lazy\" width=\"860\" height=\"515\" src=\"https:\/\/www.youtube.com\/embed\/Tjp3FPQYYJ8\" frameborder=\"0\" allow=\"accelerometer; autoplay; clipboard-write; encrypted-media; gyroscope; picture-in-picture\" allowfullscreen=\"\"><\/iframe><\/p>\n<p>[\/et_pb_text][et_pb_text _builder_version=\u00bb3.27.4&#8243; text_font=\u00bb||||||||\u00bb text_letter_spacing=\u00bb7px\u00bb header_font=\u00bb||||||||\u00bb animation_style=\u00bbzoom\u00bb global_colors_info=\u00bb{}\u00bb]<\/p>\n<h1 style=\"text-align: center;\">N\u00daMERO DE LIBROS ENVIADOS POR PAISES<\/h1>\n<p>[\/et_pb_text][et_pb_divider _builder_version=\u00bb3.19.14&#8243; global_colors_info=\u00bb{}\u00bb][\/et_pb_divider][\/et_pb_column][\/et_pb_row][et_pb_row column_structure=\u00bb1_5,1_5,1_5,1_5,1_5&#8243; _builder_version=\u00bb3.25&#8243; custom_margin=\u00bb|auto||122px||\u00bb global_colors_info=\u00bb{}\u00bb][et_pb_column type=\u00bb1_5&#8243; _builder_version=\u00bb3.25&#8243; custom_padding=\u00bb|||\u00bb global_colors_info=\u00bb{}\u00bb custom_padding__hover=\u00bb|||\u00bb][et_pb_number_counter title=\u00bbAngola\u00bb number=\u00bb3529&#8243; percent_sign=\u00bboff\u00bb _builder_version=\u00bb4.14.8&#8243; title_font=\u00bb||||||||\u00bb title_font_size=\u00bb25px\u00bb number_font=\u00bb||||||||\u00bb number_font_size=\u00bb50px\u00bb global_colors_info=\u00bb{}\u00bb][\/et_pb_number_counter][et_pb_number_counter title=\u00bbColombia\u00bb number=\u00bb21635&#8243; percent_sign=\u00bboff\u00bb _builder_version=\u00bb4.14.8&#8243; title_font=\u00bb||||||||\u00bb title_font_size=\u00bb25px\u00bb number_font=\u00bb||||||||\u00bb number_font_size=\u00bb40px\u00bb hover_enabled=\u00bb0&#8243; global_colors_info=\u00bb{}\u00bb sticky_enabled=\u00bb0&#8243;][\/et_pb_number_counter][et_pb_number_counter title=\u00bbGuinea Ecuatorial\u00bb number=\u00bb46078&#8243; percent_sign=\u00bboff\u00bb _builder_version=\u00bb4.14.8&#8243; title_font=\u00bb||||||||\u00bb title_font_size=\u00bb25px\u00bb number_font=\u00bb||||||||\u00bb number_font_size=\u00bb42px\u00bb hover_enabled=\u00bb0&#8243; global_colors_info=\u00bb{}\u00bb width=\u00bb100%\u00bb sticky_enabled=\u00bb0&#8243;][\/et_pb_number_counter][et_pb_number_counter title=\u00bbPer\u00fa\u00bb number=\u00bb403784&#8243; percent_sign=\u00bboff\u00bb _builder_version=\u00bb4.14.8&#8243; title_font=\u00bb||||||||\u00bb title_font_size=\u00bb25px\u00bb number_font=\u00bb||||||||\u00bb number_font_size=\u00bb35px\u00bb custom_margin=\u00bb-23px||\u00bb hover_enabled=\u00bb0&#8243; global_colors_info=\u00bb{}\u00bb sticky_enabled=\u00bb0&#8243;][\/et_pb_number_counter][et_pb_number_counter title=\u00bbNicaragua\u00bb number=\u00bb22421&#8243; percent_sign=\u00bboff\u00bb _builder_version=\u00bb4.14.8&#8243; title_font=\u00bb||||||||\u00bb title_font_size=\u00bb25px\u00bb number_font=\u00bb||||||||\u00bb number_font_size=\u00bb40px\u00bb custom_margin=\u00bb7px||||false|false\u00bb global_colors_info=\u00bb{}\u00bb][\/et_pb_number_counter][et_pb_number_counter title=\u00bbRuanda\u00bb number=\u00bb44689&#8243; percent_sign=\u00bboff\u00bb _builder_version=\u00bb4.14.8&#8243; title_font=\u00bb||||||||\u00bb title_font_size=\u00bb25px\u00bb number_font=\u00bb||||||||\u00bb number_font_size=\u00bb41px\u00bb global_colors_info=\u00bb{}\u00bb][\/et_pb_number_counter][et_pb_number_counter title=\u00bbDinamarca\u00bb number=\u00bb2333&#8243; percent_sign=\u00bboff\u00bb _builder_version=\u00bb4.14.8&#8243; title_font=\u00bb||||||||\u00bb title_font_size=\u00bb25px\u00bb number_font=\u00bb||||||||\u00bb number_font_size=\u00bb41px\u00bb hover_enabled=\u00bb0&#8243; global_colors_info=\u00bb{}\u00bb sticky_enabled=\u00bb0&#8243;][\/et_pb_number_counter][\/et_pb_column][et_pb_column type=\u00bb1_5&#8243; _builder_version=\u00bb3.25&#8243; custom_padding=\u00bb|||\u00bb global_colors_info=\u00bb{}\u00bb custom_padding__hover=\u00bb|||\u00bb][et_pb_number_counter title=\u00bbArgentina\u00bb number=\u00bb570&#8243; percent_sign=\u00bboff\u00bb _builder_version=\u00bb4.14.8&#8243; title_font=\u00bb||||||||\u00bb title_font_size=\u00bb25px\u00bb number_font=\u00bb||||||||\u00bb number_font_size=\u00bb50px\u00bb global_colors_info=\u00bb{}\u00bb][\/et_pb_number_counter][et_pb_number_counter title=\u00bbCuba\u00bb number=\u00bb10058&#8243; percent_sign=\u00bboff\u00bb _builder_version=\u00bb4.14.8&#8243; title_font=\u00bb||||||||\u00bb title_font_size=\u00bb25px\u00bb number_font=\u00bb||||||||\u00bb number_font_size=\u00bb40px\u00bb global_colors_info=\u00bb{}\u00bb][\/et_pb_number_counter][et_pb_number_counter title=\u00bbHonduras\u00bb number=\u00bb142062&#8243; percent_sign=\u00bboff\u00bb _builder_version=\u00bb4.14.8&#8243; title_font=\u00bb||||||||\u00bb title_font_size=\u00bb25px\u00bb number_font=\u00bb||||||||\u00bb number_font_size=\u00bb35px\u00bb global_colors_info=\u00bb{}\u00bb][\/et_pb_number_counter][et_pb_number_counter title=\u00bbRep. Dominicana\u00bb number=\u00bb179825&#8243; percent_sign=\u00bboff\u00bb _builder_version=\u00bb4.14.8&#8243; title_font=\u00bb||||||||\u00bb title_font_size=\u00bb18px\u00bb number_font=\u00bb||||||||\u00bb number_font_size=\u00bb35px\u00bb hover_enabled=\u00bb0&#8243; global_colors_info=\u00bb{}\u00bb sticky_enabled=\u00bb0&#8243;][\/et_pb_number_counter][et_pb_number_counter title=\u00bbGuatemala\u00bb number=\u00bb2663&#8243; percent_sign=\u00bboff\u00bb _builder_version=\u00bb3.27.4&#8243; title_font=\u00bb||||||||\u00bb title_font_size=\u00bb25px\u00bb number_font=\u00bb||||||||\u00bb number_font_size=\u00bb50px\u00bb custom_margin=\u00bb-15px||||false|false\u00bb global_colors_info=\u00bb{}\u00bb][\/et_pb_number_counter][et_pb_number_counter title=\u00bbBurundi\u00bb number=\u00bb23152&#8243; percent_sign=\u00bboff\u00bb _builder_version=\u00bb4.14.8&#8243; title_font=\u00bb||||||||\u00bb title_font_size=\u00bb25px\u00bb number_font=\u00bb||||||||\u00bb number_font_size=\u00bb35px\u00bb custom_margin=\u00bb-15px||||false|false\u00bb global_colors_info=\u00bb{}\u00bb][\/et_pb_number_counter][\/et_pb_column][et_pb_column type=\u00bb1_5&#8243; _builder_version=\u00bb3.25&#8243; custom_padding=\u00bb|||\u00bb global_colors_info=\u00bb{}\u00bb custom_padding__hover=\u00bb|||\u00bb][et_pb_number_counter title=\u00bbCura\u00e7ao\u00bb number=\u00bb5891&#8243; percent_sign=\u00bboff\u00bb _builder_version=\u00bb4.14.8&#8243; title_font=\u00bb||||||||\u00bb title_font_size=\u00bb25px\u00bb number_font=\u00bb||||||||\u00bb number_font_size=\u00bb50px\u00bb global_colors_info=\u00bb{}\u00bb][\/et_pb_number_counter][et_pb_number_counter title=\u00bbM\u00e9xico DF\u00bb number=\u00bb1528&#8243; percent_sign=\u00bboff\u00bb _builder_version=\u00bb4.14.8&#8243; title_font=\u00bb||||||||\u00bb title_font_size=\u00bb25px\u00bb number_font=\u00bb||||||||\u00bb number_font_size=\u00bb50px\u00bb hover_enabled=\u00bb0&#8243; global_colors_info=\u00bb{}\u00bb sticky_enabled=\u00bb0&#8243;][\/et_pb_number_counter][et_pb_number_counter title=\u00bbRep\u00fablica del Congo\u00bb number=\u00bb84026&#8243; percent_sign=\u00bboff\u00bb _builder_version=\u00bb4.14.8&#8243; title_font=\u00bb||||||||\u00bb title_font_size=\u00bb25px\u00bb number_font=\u00bb||||||||\u00bb number_font_size=\u00bb40px\u00bb global_colors_info=\u00bb{}\u00bb][\/et_pb_number_counter][et_pb_number_counter title=\u00bbCamer\u00fan\u00bb number=\u00bb935&#8243; percent_sign=\u00bboff\u00bb _builder_version=\u00bb3.27.4&#8243; title_font=\u00bb||||||||\u00bb title_font_size=\u00bb25px\u00bb number_font=\u00bb||||||||\u00bb number_font_size=\u00bb50px\u00bb custom_margin=\u00bb-21px||||false|false\u00bb global_colors_info=\u00bb{}\u00bb][\/et_pb_number_counter][et_pb_number_counter title=\u00bbFilipinas\u00bb number=\u00bb2259&#8243; percent_sign=\u00bboff\u00bb _builder_version=\u00bb3.27.4&#8243; title_font_size=\u00bb27px\u00bb number_font_size=\u00bb46px\u00bb global_colors_info=\u00bb{}\u00bb][\/et_pb_number_counter][et_pb_number_counter title=\u00bbB\u00e9lgica\u00bb number=\u00bb133&#8243; percent_sign=\u00bboff\u00bb _builder_version=\u00bb4.14.8&#8243; title_font_size=\u00bb27px\u00bb number_font_size=\u00bb46px\u00bb global_colors_info=\u00bb{}\u00bb][\/et_pb_number_counter][\/et_pb_column][et_pb_column type=\u00bb1_5&#8243; _builder_version=\u00bb3.25&#8243; custom_padding=\u00bb|||\u00bb global_colors_info=\u00bb{}\u00bb custom_padding__hover=\u00bb|||\u00bb][et_pb_number_counter title=\u00bbBolivia\u00bb number=\u00bb23267&#8243; percent_sign=\u00bboff\u00bb _builder_version=\u00bb4.14.8&#8243; title_font=\u00bb||||||||\u00bb title_font_size=\u00bb25px\u00bb number_font=\u00bb||||||||\u00bb number_font_size=\u00bb40px\u00bb global_colors_info=\u00bb{}\u00bb][\/et_pb_number_counter][et_pb_number_counter title=\u00bbEcuador\u00bb number=\u00bb2682&#8243; percent_sign=\u00bboff\u00bb _builder_version=\u00bb4.14.8&#8243; title_font=\u00bb||||||||\u00bb title_font_size=\u00bb25px\u00bb number_font=\u00bb||||||||\u00bb number_font_size=\u00bb50px\u00bb hover_enabled=\u00bb0&#8243; global_colors_info=\u00bb{}\u00bb sticky_enabled=\u00bb0&#8243;][\/et_pb_number_counter][et_pb_number_counter title=\u00bbPanam\u00e1\u00bb number=\u00bb1041&#8243; percent_sign=\u00bboff\u00bb _builder_version=\u00bb4.14.8&#8243; title_font=\u00bb||||||||\u00bb title_font_size=\u00bb25px\u00bb number_font=\u00bb||||||||\u00bb number_font_size=\u00bb50px\u00bb hover_enabled=\u00bb0&#8243; global_colors_info=\u00bb{}\u00bb sticky_enabled=\u00bb0&#8243;][\/et_pb_number_counter][et_pb_number_counter title=\u00bbVenezuela\u00bb number=\u00bb152511&#8243; percent_sign=\u00bboff\u00bb _builder_version=\u00bb4.14.8&#8243; title_font=\u00bb||||||||\u00bb title_font_size=\u00bb25px\u00bb number_font=\u00bb||||||||\u00bb number_font_size=\u00bb40px\u00bb hover_enabled=\u00bb0&#8243; global_colors_info=\u00bb{}\u00bb sticky_enabled=\u00bb0&#8243;][\/et_pb_number_counter][et_pb_number_counter title=\u00bbNigeria\u00bb number=\u00bb14285&#8243; percent_sign=\u00bboff\u00bb _builder_version=\u00bb4.14.8&#8243; title_font=\u00bb||||||||\u00bb title_font_size=\u00bb25px\u00bb number_font=\u00bb||||||||\u00bb number_font_size=\u00bb40px\u00bb global_colors_info=\u00bb{}\u00bb][\/et_pb_number_counter][et_pb_number_counter title=\u00bbArgelia\u00bb number=\u00bb1546&#8243; percent_sign=\u00bboff\u00bb _builder_version=\u00bb4.14.8&#8243; title_font=\u00bb||||||||\u00bb title_font_size=\u00bb25px\u00bb number_font=\u00bb||||||||\u00bb number_font_size=\u00bb50px\u00bb global_colors_info=\u00bb{}\u00bb][\/et_pb_number_counter][\/et_pb_column][et_pb_column type=\u00bb1_5&#8243; _builder_version=\u00bb3.25&#8243; custom_padding=\u00bb|||\u00bb global_colors_info=\u00bb{}\u00bb custom_padding__hover=\u00bb|||\u00bb][et_pb_number_counter title=\u00bbChile\u00bb number=\u00bb2938&#8243; percent_sign=\u00bboff\u00bb _builder_version=\u00bb3.19.14&#8243; title_font=\u00bb||||||||\u00bb title_font_size=\u00bb25px\u00bb number_font=\u00bb||||||||\u00bb number_font_size=\u00bb50px\u00bb global_colors_info=\u00bb{}\u00bb][\/et_pb_number_counter][et_pb_number_counter title=\u00bbSalvador\u00bb number=\u00bb1650&#8243; percent_sign=\u00bboff\u00bb _builder_version=\u00bb3.19.14&#8243; title_font=\u00bb||||||||\u00bb title_font_size=\u00bb25px\u00bb number_font=\u00bb||||||||\u00bb number_font_size=\u00bb50px\u00bb global_colors_info=\u00bb{}\u00bb][\/et_pb_number_counter][et_pb_number_counter title=\u00bbParaguay\u00bb number=\u00bb91109&#8243; percent_sign=\u00bboff\u00bb _builder_version=\u00bb4.14.8&#8243; title_font=\u00bb||||||||\u00bb title_font_size=\u00bb25px\u00bb number_font=\u00bb||||||||\u00bb number_font_size=\u00bb40px\u00bb hover_enabled=\u00bb0&#8243; global_colors_info=\u00bb{}\u00bb sticky_enabled=\u00bb0&#8243;][\/et_pb_number_counter][et_pb_number_counter title=\u00bbAlbania\u00bb number=\u00bb987&#8243; percent_sign=\u00bboff\u00bb _builder_version=\u00bb3.27.4&#8243; title_font=\u00bb||||||||\u00bb title_font_size=\u00bb25px\u00bb number_font=\u00bb||||||||\u00bb number_font_size=\u00bb50px\u00bb global_colors_info=\u00bb{}\u00bb][\/et_pb_number_counter][et_pb_number_counter title=\u00bbHait\u00ed\u00bb number=\u00bb26890&#8243; percent_sign=\u00bboff\u00bb _builder_version=\u00bb4.14.8&#8243; title_font=\u00bb||||||||\u00bb title_font_size=\u00bb25px\u00bb number_font=\u00bb||||||||\u00bb number_font_size=\u00bb40px\u00bb global_colors_info=\u00bb{}\u00bb][\/et_pb_number_counter][et_pb_number_counter title=\u00bbCosta Rica\u00bb number=\u00bb9102&#8243; percent_sign=\u00bboff\u00bb _builder_version=\u00bb4.14.8&#8243; title_font=\u00bb||||||||\u00bb title_font_size=\u00bb25px\u00bb number_font=\u00bb||||||||\u00bb number_font_size=\u00bb50px\u00bb global_colors_info=\u00bb{}\u00bb][\/et_pb_number_counter][\/et_pb_column][\/et_pb_row][et_pb_row _builder_version=\u00bb3.25&#8243; global_colors_info=\u00bb{}\u00bb][et_pb_column type=\u00bb4_4&#8243; _builder_version=\u00bb3.25&#8243; custom_padding=\u00bb|||\u00bb global_colors_info=\u00bb{}\u00bb custom_padding__hover=\u00bb|||\u00bb][et_pb_text _builder_version=\u00bb4.14.8&#8243; text_font=\u00bb||||||||\u00bb text_font_size=\u00bb18px\u00bb text_letter_spacing=\u00bb6px\u00bb hover_enabled=\u00bb0&#8243; global_colors_info=\u00bb{}\u00bb sticky_enabled=\u00bb0&#8243;]<\/p>\n<p>Nota: Envios realizados hasta el a\u00f1o 2026<\/p>\n<p>[\/et_pb_text][\/et_pb_column][\/et_pb_row][et_pb_row _builder_version=\u00bb3.27.4&#8243; global_colors_info=\u00bb{}\u00bb][et_pb_column type=\u00bb4_4&#8243; _builder_version=\u00bb3.27.4&#8243; global_colors_info=\u00bb{}\u00bb][et_pb_text _builder_version=\u00bb3.27.4&#8243; global_colors_info=\u00bb{}\u00bb]<\/p>\n<h1 style=\"text-align: center;\"><strong>GALER\u00cdA FOTOGR\u00c1FICA<\/strong><\/h1>\n<p>[\/et_pb_text][et_pb_gallery gallery_ids=\u00bb2482,2348,2350,255,2346,2310,2250,2208,2207,2186,2185,2148,2165,2136,2059,2054,2022,1978,1954,1900,1897,1494,1493,1189,1187,1184,1148,1185,1042,1031,1030,1028,981,1016,939,864,847,860,832,819,811,776,774,773,772,667,664,557,389,380,382,379,383,372,267,2489,2490,2491,2492,2493,2494,2495,2496,2497,2498,2499,2500,2501,2502,2503,2504,2505,2506,2507,2508,2509,2510,2511,2512,2513,2514,2515,2516,2517,2518,2519,2520,2521,2522,2525,2526,2527,2528,2529,2530&#8243; posts_number=\u00bb16&#8243; show_title_and_caption=\u00bboff\u00bb _builder_version=\u00bb3.27.4&#8243; global_colors_info=\u00bb{}\u00bb][\/et_pb_gallery][\/et_pb_column][\/et_pb_row][\/et_pb_section]<\/p>\n","protected":false},"excerpt":{"rendered":"<p>ACCIONES EN MARCHADESDE EL A\u00d1O 2001 Y HASTA EL A\u00d1O 2026 En el momento actual hemos mandado libros y material escolar por un total de 438.229 kg. que supone una cantidad s\u00f3lo de libros de 1.325.578 unidades. &nbsp;N\u00daMERO DE LIBROS ENVIADOS POR PAISESNota: Envios realizados hasta el a\u00f1o 2026GALER\u00cdA FOTOGR\u00c1FICA<\/p>\n","protected":false},"author":1,"featured_media":0,"parent":0,"menu_order":0,"comment_status":"closed","ping_status":"closed","template":"","meta":{"_et_pb_use_builder":"on","_et_pb_old_content":"<!-- wp:divi\/placeholder \/-->","_et_gb_content_width":"","footnotes":""},"_links":{"self":[{"href":"https:\/\/padrejuan.org\/index.php\/wp-json\/wp\/v2\/pages\/318"}],"collection":[{"href":"https:\/\/padrejuan.org\/index.php\/wp-json\/wp\/v2\/pages"}],"about":[{"href":"https:\/\/padrejuan.org\/index.php\/wp-json\/wp\/v2\/types\/page"}],"author":[{"embeddable":true,"href":"https:\/\/padrejuan.org\/index.php\/wp-json\/wp\/v2\/users\/1"}],"replies":[{"embeddable":true,"href":"https:\/\/padrejuan.org\/index.php\/wp-json\/wp\/v2\/comments?post=318"}],"version-history":[{"count":75,"href":"https:\/\/padrejuan.org\/index.php\/wp-json\/wp\/v2\/pages\/318\/revisions"}],"predecessor-version":[{"id":4605,"href":"https:\/\/padrejuan.org\/index.php\/wp-json\/wp\/v2\/pages\/318\/revisions\/4605"}],"wp:attachment":[{"href":"https:\/\/padrejuan.org\/index.php\/wp-json\/wp\/v2\/media?parent=318"}],"curies":[{"name":"wp","href":"https:\/\/api.w.org\/{rel}","templated":true}]}}